{"id":9,"date":"2020-04-11T12:02:12","date_gmt":"2020-04-11T10:02:12","guid":{"rendered":"http:\/\/herbes-folles.fr\/?page_id=9"},"modified":"2025-09-29T17:34:41","modified_gmt":"2025-09-29T15:34:41","slug":"contact","status":"publish","type":"page","link":"https:\/\/herbes-folles.fr\/index.php\/contact\/","title":{"rendered":"Contact"},"content":{"rendered":"\n<h2 class=\"wp-block-heading\">R\u00e9servez en ligne !<\/h2>\n\n\n\n<h4 class=\"wp-block-heading\">Vous trouverez sur notre site les prix les plus bas.<\/h4>\n\n\n\n<h4 class=\"wp-block-heading\">En r\u00e9servant en direct, vous ne payez pas les commissions des centrales de r\u00e9servations.<\/h4>\n\n\n\n<h2 class=\"wp-block-heading has-text-align-center\"><a href=\"https:\/\/herbes-folles.amenitiz.io\/fr\/booking\/room\">R\u00e9servez Maintenant<\/a><\/h2>\n\n\n\n<h2 class=\"wp-block-heading\"><strong><u>Contactez-moi :<\/u><\/strong><\/h2>\n\n\n\n<div class=\"wp-block-group\"><div class=\"wp-block-group__inner-container is-layout-flow wp-block-group-is-layout-flow\">\n<div class=\"wp-block-columns is-layout-flex wp-container-core-columns-is-layout-9d6595d7 wp-block-columns-is-layout-flex\">\n<div class=\"wp-block-column is-layout-flow wp-block-column-is-layout-flow\" style=\"flex-basis:33.33%\">\n<div style=\"height:100px\" aria-hidden=\"true\" class=\"wp-block-spacer\"><\/div>\n\n\n\n<p><\/p>\n\n\n\n<p>Marie-Odile Baron<br>16, rue de la philippoterie<br>59181, Steenwerck<br>Tel. 06.86.47.08.41<br>GPS : 50\u00b042&rsquo;02.5&Prime;N 2\u00b045&rsquo;03.4&Prime;E<\/p>\n<\/div>\n\n\n\n<div class=\"wp-block-column is-layout-flow wp-block-column-is-layout-flow\" style=\"flex-basis:66.66%\">\n<iframe loading=\"lazy\" src=\"https:\/\/www.google.com\/maps\/embed?pb=!1m18!1m12!1m3!1d28589.1471339273!2d2.7517902203994518!3d50.70235923378849!2m3!1f0!2f0!3f0!3m2!1i1024!2i768!4f13.1!3m3!1m2!1s0x0%3A0x93114de236db4c2b!2sHerbes%20Folles!5e0!3m2!1sfr!2sfr!4v1587197073916!5m2!1sfr!2sfr\" style=\"border:0;\" allowfullscreen=\"\" aria-hidden=\"false\" tabindex=\"0\" width=\"600\" height=\"450\" frameborder=\"0\"><\/iframe>\n<\/div>\n<\/div>\n<\/div><\/div>\n\n\n\n<div style=\"height:24px\" aria-hidden=\"true\" class=\"wp-block-spacer\"><\/div>\n\n\n\n<p>N&rsquo;h\u00e9sitez pas \u00e0 m&rsquo;appeler directement si je ne vous r\u00e9pond pas dans les 24h.<br>Tel. 06.86.47.08.41<\/p>\n\n\n\n<div class=\"forminator-ui forminator-custom-form forminator-custom-form-968 forminator-design--flat  forminator_ajax\" data-forminator-render=\"0\" data-form=\"forminator-module-968\" data-uid=\"6a04eab2d9c13\"><br\/><\/div><form\n\t\t\t\tid=\"forminator-module-968\"\n\t\t\t\tclass=\"forminator-ui forminator-custom-form forminator-custom-form-968 forminator-design--flat  forminator_ajax\"\n\t\t\t\tmethod=\"post\"\n\t\t\t\tdata-forminator-render=\"0\"\n\t\t\t\tdata-form-id=\"968\"\n\t\t\t\t data-color-option=\"default\" data-design=\"flat\" data-grid=\"open\" style=\"display: none;\"\n\t\t\t\tdata-uid=\"6a04eab2d9c13\"\n\t\t\t><div role=\"alert\" aria-live=\"polite\" class=\"forminator-response-message forminator-error\" aria-hidden=\"true\"><\/div><div class=\"forminator-row\"><div id=\"name-2\" class=\"forminator-field-name forminator-col forminator-col-6 \"><div class=\"forminator-field\"><label for=\"forminator-field-name-2_6a04eab2d9c13\" id=\"forminator-field-name-2_6a04eab2d9c13-label\" class=\"forminator-label\">Nom <span class=\"forminator-required\">*<\/span><\/label><input type=\"text\" name=\"name-2\" value=\"\" placeholder=\"\" id=\"forminator-field-name-2_6a04eab2d9c13\" class=\"forminator-input forminator-name--field\" aria-required=\"true\" autocomplete=\"name\" \/><\/div><\/div><div id=\"name-1\" class=\"forminator-field-name forminator-col forminator-col-6 \"><div class=\"forminator-field\"><label for=\"forminator-field-name-1_6a04eab2d9c13\" id=\"forminator-field-name-1_6a04eab2d9c13-label\" class=\"forminator-label\">Pr\u00e9nom <span class=\"forminator-required\">*<\/span><\/label><input type=\"text\" name=\"name-1\" value=\"\" placeholder=\"\" id=\"forminator-field-name-1_6a04eab2d9c13\" class=\"forminator-input forminator-name--field\" aria-required=\"true\" autocomplete=\"name\" \/><\/div><\/div><\/div><div class=\"forminator-row\"><div id=\"email-1\" class=\"forminator-field-email forminator-col forminator-col-12 \"><div class=\"forminator-field\"><label for=\"forminator-field-email-1_6a04eab2d9c13\" id=\"forminator-field-email-1_6a04eab2d9c13-label\" class=\"forminator-label\">Adresse de messagerie <span class=\"forminator-required\">*<\/span><\/label><input type=\"email\" name=\"email-1\" value=\"\" placeholder=\"\" id=\"forminator-field-email-1_6a04eab2d9c13\" class=\"forminator-input forminator-email--field\" data-required=\"true\" aria-required=\"true\" autocomplete=\"email\" \/><\/div><\/div><\/div><div class=\"forminator-row\"><div id=\"phone-1\" class=\"forminator-field-phone forminator-col forminator-col-12 \"><div class=\"forminator-field\"><label for=\"forminator-field-phone-1_6a04eab2d9c13\" id=\"forminator-field-phone-1_6a04eab2d9c13-label\" class=\"forminator-label\">Num\u00e9ro de t\u00e9l\u00e9phone <span class=\"forminator-required\">*<\/span><\/label><input type=\"text\" name=\"phone-1\" value=\"\" placeholder=\"\" id=\"forminator-field-phone-1_6a04eab2d9c13\" class=\"forminator-input forminator-field--phone\" data-required=\"1\" aria-required=\"true\" autocomplete=\"off\" \/><\/div><\/div><\/div><div class=\"forminator-row\"><div id=\"textarea-1\" class=\"forminator-field-textarea forminator-col forminator-col-12 \"><div class=\"forminator-field\"><label for=\"forminator-field-textarea-1_6a04eab2d9c13\" id=\"forminator-field-textarea-1_6a04eab2d9c13-label\" class=\"forminator-label\">Message<\/label><textarea name=\"textarea-1\" placeholder=\"Saisissez votre message\u2026\" id=\"forminator-field-textarea-1_6a04eab2d9c13\" class=\"forminator-textarea\" rows=\"6\" style=\"--forminator-textarea-min-height:140px;\" ><\/textarea><\/div><\/div><\/div><div class=\"forminator-row\"><div id=\"captcha-1\" class=\"forminator-field-captcha forminator-col forminator-col-12 \"><div class=\"forminator-captcha-left forminator-g-recaptcha\" data-theme=\"light\"  data-sitekey=\"6LfTo8gfAAAAAFmvBYogABDcL-geV-grnwn0FAtg\" data-size=\"normal\"><\/div> <\/div><\/div><input type=\"hidden\" name=\"referer_url\" value=\"\" \/><div class=\"forminator-row forminator-row-last\"><div class=\"forminator-col\"><div class=\"forminator-field\"><button class=\"forminator-button forminator-button-submit\">Envoyer le message<\/button><\/div><\/div><\/div><input type=\"hidden\" id=\"forminator_nonce\" name=\"forminator_nonce\" value=\"438555896b\" \/><input type=\"hidden\" name=\"_wp_http_referer\" value=\"\/index.php\/wp-json\/wp\/v2\/pages\/9\" \/><input type=\"hidden\" name=\"form_id\" value=\"968\"><input type=\"hidden\" name=\"page_id\" value=\"9\"><input type=\"hidden\" name=\"form_type\" value=\"default\"><input type=\"hidden\" name=\"current_url\" value=\"https:\/\/herbes-folles.fr\/index.php\/contact\/\"><input type=\"hidden\" name=\"render_id\" value=\"0\"><input type=\"hidden\" name=\"action\" value=\"forminator_submit_form_custom-forms\"><label for=\"input_6\" class=\"forminator-hidden\" aria-hidden=\"true\">Veuillez ne pas remplir ce champ. <input id=\"input_6\" type=\"text\" name=\"input_6\" value=\"\" autocomplete=\"off\"><\/label><\/form>\n\n\n\n<p><\/p>\n","protected":false},"excerpt":{"rendered":"<p>R\u00e9servez en ligne ! Vous trouverez sur notre site les prix les plus bas. En r\u00e9servant en direct, vous ne payez pas les commissions des centrales de r\u00e9servations. R\u00e9servez Maintenant Contactez-moi : Marie-Odile Baron16, rue de la philippoterie59181, SteenwerckTel. 06.86.47.08.41GPS : 50\u00b042&rsquo;02.5&Prime;N 2\u00b045&rsquo;03.4&Prime;E N&rsquo;h\u00e9sitez pas \u00e0 m&rsquo;appeler directement si je ne vous r\u00e9pond pas dans &hellip; <\/p>\n","protected":false},"author":1,"featured_media":0,"parent":0,"menu_order":0,"comment_status":"closed","ping_status":"closed","template":"","meta":{"footnotes":""},"class_list":["post-9","page","type-page","status-publish","hentry"],"_links":{"self":[{"href":"https:\/\/herbes-folles.fr\/index.php\/wp-json\/wp\/v2\/pages\/9","targetHints":{"allow":["GET"]}}],"collection":[{"href":"https:\/\/herbes-folles.fr\/index.php\/wp-json\/wp\/v2\/pages"}],"about":[{"href":"https:\/\/herbes-folles.fr\/index.php\/wp-json\/wp\/v2\/types\/page"}],"author":[{"embeddable":true,"href":"https:\/\/herbes-folles.fr\/index.php\/wp-json\/wp\/v2\/users\/1"}],"replies":[{"embeddable":true,"href":"https:\/\/herbes-folles.fr\/index.php\/wp-json\/wp\/v2\/comments?post=9"}],"version-history":[{"count":17,"href":"https:\/\/herbes-folles.fr\/index.php\/wp-json\/wp\/v2\/pages\/9\/revisions"}],"predecessor-version":[{"id":1037,"href":"https:\/\/herbes-folles.fr\/index.php\/wp-json\/wp\/v2\/pages\/9\/revisions\/1037"}],"wp:attachment":[{"href":"https:\/\/herbes-folles.fr\/index.php\/wp-json\/wp\/v2\/media?parent=9"}],"curies":[{"name":"wp","href":"https:\/\/api.w.org\/{rel}","templated":true}]}}