{"id":197,"date":"2020-04-13T17:04:39","date_gmt":"2020-04-13T15:04:39","guid":{"rendered":"http:\/\/herbes-folles.fr\/?page_id=197"},"modified":"2022-05-05T20:42:00","modified_gmt":"2022-05-05T18:42:00","slug":"tourisme","status":"publish","type":"page","link":"https:\/\/herbes-folles.fr\/index.php\/tourisme\/","title":{"rendered":"Tourisme"},"content":{"rendered":"\n<p><\/p>\n\n\n\n<figure class=\"wp-block-image\"><img decoding=\"async\" src=\"https:\/\/www.steenwerck.fr\/IMG\/jpg\/9_personnalise_-4.jpg\" alt=\"\"\/><\/figure>\n\n\n\n<p>Au d\u00e9part de la maison : circuit de <a rel=\"noreferrer noopener\" href=\"https:\/\/www.cirkwi.com\/fr\/circuit\/84888-circuit-de-la-boudrelle\" target=\"_blank\">randonn\u00e9e<\/a><br>Dans le village :100 KM de Steenwerck, Journ\u00e9e Stop, <strong>B<\/strong>iennale de la poterie, <br><strong>M<\/strong>arch\u00e9 de No\u00ebl, <strong>M<\/strong>us\u00e9e de la vie <a rel=\"noreferrer noopener\" href=\"https:\/\/www.musee-steenwerck.com\/\" target=\"_blank\">rurale<\/a>, <strong>F<\/strong>erme des <a rel=\"noreferrer noopener\" href=\"https:\/\/www.lafermedesorgues.com\/\" target=\"_blank\">orgues<\/a>.<br><strong><em>Les chapelles<\/em><\/strong>&nbsp;: 25 chapelles, sur le territoire de la commune b\u00e2ties \u00e0 partir de 1811. De taille modeste, elles ont \u00e9t\u00e9 \u00e9rig\u00e9es par des particuliers qui souhaitaient ainsi exprimer leur foi et leur d\u00e9votion.<br><strong>D<\/strong>es circuits de visite sont propos\u00e9s (d\u00e9pliants \u00e0 l\u2019Office de tourisme).<br>&#8211; Visite du beffroi de Bailleul<br><em><strong>&#8211;<\/strong><\/em> Carnaval : Bailleul, Dunkerque<br>&#8211; <strong>Nieppe<\/strong> :<em> 10 km<\/em>,Parc et ch\u00e2teau, promenade, jeux, mini golf<br>&#8211; <strong>Cassel<\/strong> :<em>25 km<\/em>, Elu \u00ab&nbsp;Village Pr\u00e9f\u00e9r\u00e9 des Fran\u00e7ais&nbsp;\u00bb en 2018, village flamand par excellence, la ferme des <a rel=\"noreferrer noopener\" href=\"https:\/\/www.parcsetjardins.fr\/jardins\/626-jardins-du-mont-des-recollets\" target=\"_blank\">recollets<\/a>, Mus\u00e9e D\u00e9partemental des Flandres<br><strong>Le Mont des Cats<\/strong> : <em>15 km<\/em> son fromage, sa bi\u00e8re, Abbaye Cistercienne<br><strong>Le Mont Noir<\/strong> : <em>12 km<\/em> Un c\u00f4t\u00e9 France, 1 c\u00f4t\u00e9 Belge : diverses boutiques ouvertes le dimanche, Parc Marguerite Yourcenar, t\u00e9l\u00e9si\u00e8ge<br>&#8211; Mus\u00e9e du houblon \u00e0 Poperinge<br>&#8211; Mus\u00e9e de la Vie Frontali\u00e8re sur Godewaersvelde<br>&#8211; Visite du moulin de Boeschepe<br>&#8211; Jardin du ch\u00e2teau d&rsquo;Esquelbecq<br>&#8211; Bergues et ses fortifications, fromage, ville : Bienvenue chez les ch&#8217;tis<br>&#8211; For\u00eat de Nieppe : voie p\u00e9destreet cycliste\/ <a rel=\"noreferrer noopener\" href=\"https:\/\/www.tourisme-saintomer.com\/secteur\/marais-audomarois\/\" target=\"_blank\">St Omer<\/a> <em>40 km<\/em><br>&#8211; <strong>Clairmarais <\/strong>:&nbsp;marais mara\u00eecher, r\u00e9serve naturelle du Romela\u00ebre : visites guid\u00e9es en bateau ou libres (barques et cano\u00ebs).<br>&#8211; <strong>Les 2 Caps<\/strong> : cap gris nez, cap blanc nez<br>&#8211; Dunkerque :<em> 54 km<\/em> Le Mus\u00e9e Portuaire, le FRAC<br>&#8211;<strong> Calais <\/strong>: Balade sur le dos du dragon <br>&#8211; Nausicaa \u00e0 Boulogne sur Mer<br>&#8211; <strong>Plages<\/strong> : <em>50 km<\/em> Bray Dunes, La Panne, Ostende, Le Touquet<br>&#8211; <strong><a rel=\"noreferrer noopener\" href=\"https:\/\/www.lilletourism.com\/parcs-et-jardins-a-lille.html\" target=\"_blank\">Lille<\/a><\/strong> <em>28 km<\/em>, son patrimoine, <strong>B<\/strong>raderie de Lille : 1er week end de septembre<br>&#8211; <a rel=\"noreferrer noopener\" href=\"http:\/\/www.villa-cavrois.fr\/Explorer\/La-villa-Cavrois\/Le-parc\" target=\"_blank\">Villa Cavrois<\/a>, La piscine \u00e0 Roubaix, le L A M mus\u00e9e d&rsquo;Art Moderne \u00e0 Villeneuve D&rsquo;Ascq<br>&#8211; <strong>L<\/strong>e Louvre Lens<br>&#8211; Centre historique minier de Lewarde<br>&#8211; Arras<br>&#8211; Ypres ( Belgique ) <em>20 km<\/em>, rempart&#8230;.\/ Brugges (la petite Venise)\/ Gand&#8230;<br>&#8211; Houplin Ancoisne : Mosa\u00eec, le jardin des cultures&#8230;<br>&#8211; Ice Mountain : Comines Warneton<br>&#8211; Diverses brasseries : visite et d\u00e9gustation<br><br><\/p>\n\n\n\n<figure class=\"wp-block-image\"><img decoding=\"async\" src=\"https:\/\/www.steenwerck.fr\/IMG\/jpg\/6_personnalise_.jpg\" alt=\"\"\/><\/figure>\n\n\n\n<p><\/p>\n","protected":false},"excerpt":{"rendered":"<p>Au d\u00e9part de la maison : circuit de randonn\u00e9eDans le village :100 KM de Steenwerck, Journ\u00e9e Stop, Biennale de la poterie, March\u00e9 de No\u00ebl, Mus\u00e9e de la vie rurale, Ferme des orgues.Les chapelles&nbsp;: 25 chapelles, sur le territoire de la commune b\u00e2ties \u00e0 partir de 1811. De taille modeste, elles ont \u00e9t\u00e9 \u00e9rig\u00e9es par des &hellip; <\/p>\n","protected":false},"author":1,"featured_media":0,"parent":0,"menu_order":0,"comment_status":"closed","ping_status":"closed","template":"","meta":{"footnotes":""},"class_list":["post-197","page","type-page","status-publish","hentry"],"_links":{"self":[{"href":"https:\/\/herbes-folles.fr\/index.php\/wp-json\/wp\/v2\/pages\/197","targetHints":{"allow":["GET"]}}],"collection":[{"href":"https:\/\/herbes-folles.fr\/index.php\/wp-json\/wp\/v2\/pages"}],"about":[{"href":"https:\/\/herbes-folles.fr\/index.php\/wp-json\/wp\/v2\/types\/page"}],"author":[{"embeddable":true,"href":"https:\/\/herbes-folles.fr\/index.php\/wp-json\/wp\/v2\/users\/1"}],"replies":[{"embeddable":true,"href":"https:\/\/herbes-folles.fr\/index.php\/wp-json\/wp\/v2\/comments?post=197"}],"version-history":[{"count":30,"href":"https:\/\/herbes-folles.fr\/index.php\/wp-json\/wp\/v2\/pages\/197\/revisions"}],"predecessor-version":[{"id":974,"href":"https:\/\/herbes-folles.fr\/index.php\/wp-json\/wp\/v2\/pages\/197\/revisions\/974"}],"wp:attachment":[{"href":"https:\/\/herbes-folles.fr\/index.php\/wp-json\/wp\/v2\/media?parent=197"}],"curies":[{"name":"wp","href":"https:\/\/api.w.org\/{rel}","templated":true}]}}