{"id":10,"date":"2020-04-11T12:02:12","date_gmt":"2020-04-11T10:02:12","guid":{"rendered":"http:\/\/herbes-folles.fr\/?page_id=10"},"modified":"2025-05-19T18:03:17","modified_gmt":"2025-05-19T16:03:17","slug":"informations","status":"publish","type":"page","link":"https:\/\/herbes-folles.fr\/index.php\/informations\/","title":{"rendered":"Informations"},"content":{"rendered":"\n<p class=\"has-medium-font-size\"><strong>Nouveau<\/strong> : <strong> <\/strong>Possibilit\u00e9 d une recharge lente de vos v\u00e9hicules \u00e9lectriques ( en suppl\u00e9ment)<\/p>\n\n\n\n<p><strong>Dans le village<\/strong> : Boulangeries, pharmacie, m\u00e9decins&#8230;<br>Supermarch\u00e9s et tout commerces \u00e0 Bailleul (5KM )<br>Producteur locaux : sur la place du village le Mercredi<br>Ferme du pont d&rsquo;Achelles \u00e0 Nieppe : (l\u00e9gumes, fruits, viande&#8230;)\u00e0 10 min <\/p>\n\n\n\n<p><strong><em>Arriv\u00e9e<\/em><\/strong> : entre 17h30 et 19h30. Merci de pr\u00e9venir de l&rsquo;heure de votre arriv\u00e9e<br><strong><em>D\u00e9part<\/em><\/strong> : avant 11 H<\/p>\n\n\n\n<p>Maison non fumeur<br>Animaux non admis<\/p>\n\n\n\n<p><strong>Bon Cadeau<\/strong> :<br><br>Envie de faire plaisir \u00e0 vos proches ? <br> Bons Cadeaux sur demande<\/p>\n\n\n\n<p><\/p>\n\n\n\n<h3 class=\"wp-block-heading\">Petit Plus :<\/h3>\n\n\n\n<p>local v\u00e9los ferm\u00e9 \u00e0 disposition<\/p>\n","protected":false},"excerpt":{"rendered":"<p>Nouveau : Possibilit\u00e9 d une recharge lente de vos v\u00e9hicules \u00e9lectriques ( en suppl\u00e9ment) Dans le village : Boulangeries, pharmacie, m\u00e9decins&#8230;Supermarch\u00e9s et tout commerces \u00e0 Bailleul (5KM )Producteur locaux : sur la place du village le MercrediFerme du pont d&rsquo;Achelles \u00e0 Nieppe : (l\u00e9gumes, fruits, viande&#8230;)\u00e0 10 min Arriv\u00e9e : entre 17h30 et 19h30. Merci &hellip; <\/p>\n","protected":false},"author":1,"featured_media":0,"parent":0,"menu_order":0,"comment_status":"closed","ping_status":"closed","template":"","meta":{"footnotes":""},"class_list":["post-10","page","type-page","status-publish","hentry"],"_links":{"self":[{"href":"https:\/\/herbes-folles.fr\/index.php\/wp-json\/wp\/v2\/pages\/10","targetHints":{"allow":["GET"]}}],"collection":[{"href":"https:\/\/herbes-folles.fr\/index.php\/wp-json\/wp\/v2\/pages"}],"about":[{"href":"https:\/\/herbes-folles.fr\/index.php\/wp-json\/wp\/v2\/types\/page"}],"author":[{"embeddable":true,"href":"https:\/\/herbes-folles.fr\/index.php\/wp-json\/wp\/v2\/users\/1"}],"replies":[{"embeddable":true,"href":"https:\/\/herbes-folles.fr\/index.php\/wp-json\/wp\/v2\/comments?post=10"}],"version-history":[{"count":18,"href":"https:\/\/herbes-folles.fr\/index.php\/wp-json\/wp\/v2\/pages\/10\/revisions"}],"predecessor-version":[{"id":1024,"href":"https:\/\/herbes-folles.fr\/index.php\/wp-json\/wp\/v2\/pages\/10\/revisions\/1024"}],"wp:attachment":[{"href":"https:\/\/herbes-folles.fr\/index.php\/wp-json\/wp\/v2\/media?parent=10"}],"curies":[{"name":"wp","href":"https:\/\/api.w.org\/{rel}","templated":true}]}}